{"id":289,"date":"2020-12-17T10:49:08","date_gmt":"2020-12-17T09:49:08","guid":{"rendered":"https:\/\/minicampingdevlegel.nl\/?page_id=289"},"modified":"2022-11-30T11:58:24","modified_gmt":"2022-11-30T10:58:24","slug":"home","status":"publish","type":"page","link":"https:\/\/minicampingdevlegel.nl\/de\/","title":{"rendered":"Startseite"},"content":{"rendered":"<p>Die Kehrseite, wenn Sie sich irgendwo zu Hause f\u00fchlen: Sie wollen so schnell wie m\u00f6glich zur\u00fcckkommen!<\/p>\n<p>Genau das, wonach Sie sich sehnen! Auf dem Anwesen von Minicamping de Vlegel erhalten die einfachen Dinge wieder den Glanz von etwas Besonderem.<br \/>\nDie herrliche Ruhe auf Ihrem &#8220;eigenen gr\u00fcnen Pl\u00e4tzchen&#8221; vermittelt eine wohlige Zufriedenheit: ein Gef\u00fchl, in das Sie nach einem Tagesausflug an den Strand, in die Stadt, wandernd oder radelnd unterwegs immer wieder eintauchen werden.<\/p>\n<ul class=\"leafs split\">\n<li>gro\u00dfe Stellpl\u00e4tze zum Campen (150 bis 200 m2)<\/li>\n<li>die meisten Pl\u00e4tze ohne Nachbarn gegen\u00fcber<\/li>\n<li>Autofrei<\/li>\n<li>viel Platz, so dass Kinder sich wie in den \u201eguten alten Zeiten\u201c sch\u00f6n austoben k\u00f6nnen<\/li>\n<li>eine Spielwiese, auf der Eltern ihre Kleinkinder leicht im Blick behalten k\u00f6nnen<\/li>\n<li>Ladestation f\u00fcr Elektroautos<\/li>\n<li>Strand zu Fu\u00df erreichbar (2 km)<\/li>\n<li>h\u00fcbsche D\u00f6rfer \/sehenswerte St\u00e4dte gut mit dem Fahrrad erreichbar (6 km)<\/li>\n<\/ul>\n","protected":false},"excerpt":{"rendered":"<p>Die Kehrseite, wenn Sie sich irgendwo zu Hause f\u00fchlen: Sie wollen so schnell wie m\u00f6glich zur\u00fcckkommen! Genau das, wonach Sie sich sehnen! Auf dem Anwesen von Minicamping de Vlegel erhalten die einfachen Dinge wieder den Glanz von etwas Besonderem. Die herrliche Ruhe auf Ihrem &#8220;eigenen gr\u00fcnen Pl\u00e4tzchen&#8221; vermittelt eine wohlige Zufriedenheit: ein Gef\u00fchl, in das [&hellip;]<\/p>\n","protected":false},"author":1,"featured_media":0,"parent":0,"menu_order":10,"comment_status":"closed","ping_status":"closed","template":"","meta":{"_acf_changed":false,"footnotes":""},"class_list":["post-289","page","type-page","status-publish","hentry"],"acf":[],"yoast_head":"<!-- This site is optimized with the Yoast SEO plugin v27.4 - https:\/\/yoast.com\/product\/yoast-seo-wordpress\/ -->\n<title>Startseite - Minicamping De Vlegel<\/title>\n<meta name=\"robots\" content=\"index, follow, max-snippet:-1, max-image-preview:large, max-video-preview:-1\" \/>\n<link rel=\"canonical\" href=\"https:\/\/minicampingdevlegel.nl\/de\/\" \/>\n<meta property=\"og:locale\" content=\"de_DE\" \/>\n<meta property=\"og:type\" content=\"article\" \/>\n<meta property=\"og:title\" content=\"Startseite - Minicamping De Vlegel\" \/>\n<meta property=\"og:description\" content=\"Die Kehrseite, wenn Sie sich irgendwo zu Hause f\u00fchlen: Sie wollen so schnell wie m\u00f6glich zur\u00fcckkommen! Genau das, wonach Sie sich sehnen! Auf dem Anwesen von Minicamping de Vlegel erhalten die einfachen Dinge wieder den Glanz von etwas Besonderem. Die herrliche Ruhe auf Ihrem &#8220;eigenen gr\u00fcnen Pl\u00e4tzchen&#8221; vermittelt eine wohlige Zufriedenheit: ein Gef\u00fchl, in das [&hellip;]\" \/>\n<meta property=\"og:url\" content=\"https:\/\/minicampingdevlegel.nl\/de\/\" \/>\n<meta property=\"og:site_name\" content=\"Minicamping De Vlegel\" \/>\n<meta property=\"article:modified_time\" content=\"2022-11-30T10:58:24+00:00\" \/>\n<meta name=\"twitter:card\" content=\"summary_large_image\" \/>\n<meta name=\"twitter:label1\" content=\"Est. reading time\" \/>\n\t<meta name=\"twitter:data1\" content=\"1 minute\" \/>\n<script type=\"application\/ld+json\" class=\"yoast-schema-graph\">{\"@context\":\"https:\\\/\\\/schema.org\",\"@graph\":[{\"@type\":\"WebPage\",\"@id\":\"https:\\\/\\\/minicampingdevlegel.nl\\\/de\\\/\",\"url\":\"https:\\\/\\\/minicampingdevlegel.nl\\\/de\\\/\",\"name\":\"Startseite - Minicamping De Vlegel\",\"isPartOf\":{\"@id\":\"https:\\\/\\\/minicampingdevlegel.nl\\\/de\\\/#website\"},\"datePublished\":\"2020-12-17T09:49:08+00:00\",\"dateModified\":\"2022-11-30T10:58:24+00:00\",\"breadcrumb\":{\"@id\":\"https:\\\/\\\/minicampingdevlegel.nl\\\/de\\\/#breadcrumb\"},\"inLanguage\":\"de-DE\",\"potentialAction\":[{\"@type\":\"ReadAction\",\"target\":[\"https:\\\/\\\/minicampingdevlegel.nl\\\/de\\\/\"]}]},{\"@type\":\"BreadcrumbList\",\"@id\":\"https:\\\/\\\/minicampingdevlegel.nl\\\/de\\\/#breadcrumb\",\"itemListElement\":[{\"@type\":\"ListItem\",\"position\":1,\"name\":\"Home\",\"item\":\"https:\\\/\\\/minicampingdevlegel.nl\\\/de\\\/\"},{\"@type\":\"ListItem\",\"position\":2,\"name\":\"Startseite\"}]},{\"@type\":\"WebSite\",\"@id\":\"https:\\\/\\\/minicampingdevlegel.nl\\\/de\\\/#website\",\"url\":\"https:\\\/\\\/minicampingdevlegel.nl\\\/de\\\/\",\"name\":\"Minicamping De Vlegel\",\"description\":\"\",\"potentialAction\":[{\"@type\":\"SearchAction\",\"target\":{\"@type\":\"EntryPoint\",\"urlTemplate\":\"https:\\\/\\\/minicampingdevlegel.nl\\\/de\\\/?s={search_term_string}\"},\"query-input\":{\"@type\":\"PropertyValueSpecification\",\"valueRequired\":true,\"valueName\":\"search_term_string\"}}],\"inLanguage\":\"de-DE\"}]}<\/script>\n<!-- \/ Yoast SEO plugin. -->","yoast_head_json":{"title":"Startseite - Minicamping De Vlegel","robots":{"index":"index","follow":"follow","max-snippet":"max-snippet:-1","max-image-preview":"max-image-preview:large","max-video-preview":"max-video-preview:-1"},"canonical":"https:\/\/minicampingdevlegel.nl\/de\/","og_locale":"de_DE","og_type":"article","og_title":"Startseite - Minicamping De Vlegel","og_description":"Die Kehrseite, wenn Sie sich irgendwo zu Hause f\u00fchlen: Sie wollen so schnell wie m\u00f6glich zur\u00fcckkommen! Genau das, wonach Sie sich sehnen! Auf dem Anwesen von Minicamping de Vlegel erhalten die einfachen Dinge wieder den Glanz von etwas Besonderem. Die herrliche Ruhe auf Ihrem &#8220;eigenen gr\u00fcnen Pl\u00e4tzchen&#8221; vermittelt eine wohlige Zufriedenheit: ein Gef\u00fchl, in das [&hellip;]","og_url":"https:\/\/minicampingdevlegel.nl\/de\/","og_site_name":"Minicamping De Vlegel","article_modified_time":"2022-11-30T10:58:24+00:00","twitter_card":"summary_large_image","twitter_misc":{"Est. reading time":"1 minute"},"schema":{"@context":"https:\/\/schema.org","@graph":[{"@type":"WebPage","@id":"https:\/\/minicampingdevlegel.nl\/de\/","url":"https:\/\/minicampingdevlegel.nl\/de\/","name":"Startseite - Minicamping De Vlegel","isPartOf":{"@id":"https:\/\/minicampingdevlegel.nl\/de\/#website"},"datePublished":"2020-12-17T09:49:08+00:00","dateModified":"2022-11-30T10:58:24+00:00","breadcrumb":{"@id":"https:\/\/minicampingdevlegel.nl\/de\/#breadcrumb"},"inLanguage":"de-DE","potentialAction":[{"@type":"ReadAction","target":["https:\/\/minicampingdevlegel.nl\/de\/"]}]},{"@type":"BreadcrumbList","@id":"https:\/\/minicampingdevlegel.nl\/de\/#breadcrumb","itemListElement":[{"@type":"ListItem","position":1,"name":"Home","item":"https:\/\/minicampingdevlegel.nl\/de\/"},{"@type":"ListItem","position":2,"name":"Startseite"}]},{"@type":"WebSite","@id":"https:\/\/minicampingdevlegel.nl\/de\/#website","url":"https:\/\/minicampingdevlegel.nl\/de\/","name":"Minicamping De Vlegel","description":"","potentialAction":[{"@type":"SearchAction","target":{"@type":"EntryPoint","urlTemplate":"https:\/\/minicampingdevlegel.nl\/de\/?s={search_term_string}"},"query-input":{"@type":"PropertyValueSpecification","valueRequired":true,"valueName":"search_term_string"}}],"inLanguage":"de-DE"}]}},"_links":{"self":[{"href":"https:\/\/minicampingdevlegel.nl\/de\/wp-json\/wp\/v2\/pages\/289","targetHints":{"allow":["GET"]}}],"collection":[{"href":"https:\/\/minicampingdevlegel.nl\/de\/wp-json\/wp\/v2\/pages"}],"about":[{"href":"https:\/\/minicampingdevlegel.nl\/de\/wp-json\/wp\/v2\/types\/page"}],"author":[{"embeddable":true,"href":"https:\/\/minicampingdevlegel.nl\/de\/wp-json\/wp\/v2\/users\/1"}],"replies":[{"embeddable":true,"href":"https:\/\/minicampingdevlegel.nl\/de\/wp-json\/wp\/v2\/comments?post=289"}],"version-history":[{"count":3,"href":"https:\/\/minicampingdevlegel.nl\/de\/wp-json\/wp\/v2\/pages\/289\/revisions"}],"predecessor-version":[{"id":648,"href":"https:\/\/minicampingdevlegel.nl\/de\/wp-json\/wp\/v2\/pages\/289\/revisions\/648"}],"wp:attachment":[{"href":"https:\/\/minicampingdevlegel.nl\/de\/wp-json\/wp\/v2\/media?parent=289"}],"curies":[{"name":"wp","href":"https:\/\/api.w.org\/{rel}","templated":true}]}}