{"id":291,"date":"2020-12-17T11:30:35","date_gmt":"2020-12-17T10:30:35","guid":{"rendered":"https:\/\/minicampingdevlegel.nl\/?page_id=291"},"modified":"2025-04-18T13:49:57","modified_gmt":"2025-04-18T12:49:57","slug":"camping","status":"publish","type":"page","link":"https:\/\/minicampingdevlegel.nl\/de\/camping\/","title":{"rendered":"Camping"},"content":{"rendered":"<p>Minicamping de Vlegel ist ein Bauernhofcampingplatz, der ideal gelegen, sehr ger\u00e4umig und herrlich gr\u00fcn ist.<\/p>\n<p>Das Gel\u00e4nde des Campings liegt angenehm gesch\u00fctzt hinter der schwarzen Scheune, einem mehr als 100 Jahre alten, authentischen Geb\u00e4ude nach Zeel\u00e4ndischer Art. Diese Scheune nutzen wir noch immer f\u00fcr unseren kleinen Bauernhofbetrieb rundum den Ackerbau.<\/p>\n","protected":false},"excerpt":{"rendered":"<p>Minicamping de Vlegel ist ein Bauernhofcampingplatz, der ideal gelegen, sehr ger\u00e4umig und herrlich gr\u00fcn ist. Das Gel\u00e4nde des Campings liegt angenehm gesch\u00fctzt hinter der schwarzen Scheune, einem mehr als 100 Jahre alten, authentischen Geb\u00e4ude nach Zeel\u00e4ndischer Art. Diese Scheune nutzen wir noch immer f\u00fcr unseren kleinen Bauernhofbetrieb rundum den Ackerbau.<\/p>\n","protected":false},"author":1,"featured_media":0,"parent":0,"menu_order":20,"comment_status":"closed","ping_status":"closed","template":"page-about.php","meta":{"_acf_changed":false,"footnotes":""},"class_list":["post-291","page","type-page","status-publish","hentry"],"acf":[],"yoast_head":"<!-- This site is optimized with the Yoast SEO plugin v27.4 - https:\/\/yoast.com\/product\/yoast-seo-wordpress\/ -->\n<title>Camping - Minicamping De Vlegel<\/title>\n<meta name=\"robots\" content=\"index, follow, max-snippet:-1, max-image-preview:large, max-video-preview:-1\" \/>\n<link rel=\"canonical\" href=\"https:\/\/minicampingdevlegel.nl\/de\/camping\/\" \/>\n<meta property=\"og:locale\" content=\"de_DE\" \/>\n<meta property=\"og:type\" content=\"article\" \/>\n<meta property=\"og:title\" content=\"Camping - Minicamping De Vlegel\" \/>\n<meta property=\"og:description\" content=\"Minicamping de Vlegel ist ein Bauernhofcampingplatz, der ideal gelegen, sehr ger\u00e4umig und herrlich gr\u00fcn ist. Das Gel\u00e4nde des Campings liegt angenehm gesch\u00fctzt hinter der schwarzen Scheune, einem mehr als 100 Jahre alten, authentischen Geb\u00e4ude nach Zeel\u00e4ndischer Art. Diese Scheune nutzen wir noch immer f\u00fcr unseren kleinen Bauernhofbetrieb rundum den Ackerbau.\" \/>\n<meta property=\"og:url\" content=\"https:\/\/minicampingdevlegel.nl\/de\/camping\/\" \/>\n<meta property=\"og:site_name\" content=\"Minicamping De Vlegel\" \/>\n<meta property=\"article:modified_time\" content=\"2025-04-18T12:49:57+00:00\" \/>\n<meta name=\"twitter:card\" content=\"summary_large_image\" \/>\n<meta name=\"twitter:label1\" content=\"Est. reading time\" \/>\n\t<meta name=\"twitter:data1\" content=\"1 minute\" \/>\n<script type=\"application\/ld+json\" class=\"yoast-schema-graph\">{\"@context\":\"https:\\\/\\\/schema.org\",\"@graph\":[{\"@type\":\"WebPage\",\"@id\":\"https:\\\/\\\/minicampingdevlegel.nl\\\/de\\\/camping\\\/\",\"url\":\"https:\\\/\\\/minicampingdevlegel.nl\\\/de\\\/camping\\\/\",\"name\":\"Camping - Minicamping De Vlegel\",\"isPartOf\":{\"@id\":\"https:\\\/\\\/minicampingdevlegel.nl\\\/de\\\/#website\"},\"datePublished\":\"2020-12-17T10:30:35+00:00\",\"dateModified\":\"2025-04-18T12:49:57+00:00\",\"breadcrumb\":{\"@id\":\"https:\\\/\\\/minicampingdevlegel.nl\\\/de\\\/camping\\\/#breadcrumb\"},\"inLanguage\":\"de-DE\",\"potentialAction\":[{\"@type\":\"ReadAction\",\"target\":[\"https:\\\/\\\/minicampingdevlegel.nl\\\/de\\\/camping\\\/\"]}]},{\"@type\":\"BreadcrumbList\",\"@id\":\"https:\\\/\\\/minicampingdevlegel.nl\\\/de\\\/camping\\\/#breadcrumb\",\"itemListElement\":[{\"@type\":\"ListItem\",\"position\":1,\"name\":\"Home\",\"item\":\"https:\\\/\\\/minicampingdevlegel.nl\\\/de\\\/\"},{\"@type\":\"ListItem\",\"position\":2,\"name\":\"Camping\"}]},{\"@type\":\"WebSite\",\"@id\":\"https:\\\/\\\/minicampingdevlegel.nl\\\/de\\\/#website\",\"url\":\"https:\\\/\\\/minicampingdevlegel.nl\\\/de\\\/\",\"name\":\"Minicamping De Vlegel\",\"description\":\"\",\"potentialAction\":[{\"@type\":\"SearchAction\",\"target\":{\"@type\":\"EntryPoint\",\"urlTemplate\":\"https:\\\/\\\/minicampingdevlegel.nl\\\/de\\\/?s={search_term_string}\"},\"query-input\":{\"@type\":\"PropertyValueSpecification\",\"valueRequired\":true,\"valueName\":\"search_term_string\"}}],\"inLanguage\":\"de-DE\"}]}<\/script>\n<!-- \/ Yoast SEO plugin. -->","yoast_head_json":{"title":"Camping - Minicamping De Vlegel","robots":{"index":"index","follow":"follow","max-snippet":"max-snippet:-1","max-image-preview":"max-image-preview:large","max-video-preview":"max-video-preview:-1"},"canonical":"https:\/\/minicampingdevlegel.nl\/de\/camping\/","og_locale":"de_DE","og_type":"article","og_title":"Camping - Minicamping De Vlegel","og_description":"Minicamping de Vlegel ist ein Bauernhofcampingplatz, der ideal gelegen, sehr ger\u00e4umig und herrlich gr\u00fcn ist. Das Gel\u00e4nde des Campings liegt angenehm gesch\u00fctzt hinter der schwarzen Scheune, einem mehr als 100 Jahre alten, authentischen Geb\u00e4ude nach Zeel\u00e4ndischer Art. Diese Scheune nutzen wir noch immer f\u00fcr unseren kleinen Bauernhofbetrieb rundum den Ackerbau.","og_url":"https:\/\/minicampingdevlegel.nl\/de\/camping\/","og_site_name":"Minicamping De Vlegel","article_modified_time":"2025-04-18T12:49:57+00:00","twitter_card":"summary_large_image","twitter_misc":{"Est. reading time":"1 minute"},"schema":{"@context":"https:\/\/schema.org","@graph":[{"@type":"WebPage","@id":"https:\/\/minicampingdevlegel.nl\/de\/camping\/","url":"https:\/\/minicampingdevlegel.nl\/de\/camping\/","name":"Camping - Minicamping De Vlegel","isPartOf":{"@id":"https:\/\/minicampingdevlegel.nl\/de\/#website"},"datePublished":"2020-12-17T10:30:35+00:00","dateModified":"2025-04-18T12:49:57+00:00","breadcrumb":{"@id":"https:\/\/minicampingdevlegel.nl\/de\/camping\/#breadcrumb"},"inLanguage":"de-DE","potentialAction":[{"@type":"ReadAction","target":["https:\/\/minicampingdevlegel.nl\/de\/camping\/"]}]},{"@type":"BreadcrumbList","@id":"https:\/\/minicampingdevlegel.nl\/de\/camping\/#breadcrumb","itemListElement":[{"@type":"ListItem","position":1,"name":"Home","item":"https:\/\/minicampingdevlegel.nl\/de\/"},{"@type":"ListItem","position":2,"name":"Camping"}]},{"@type":"WebSite","@id":"https:\/\/minicampingdevlegel.nl\/de\/#website","url":"https:\/\/minicampingdevlegel.nl\/de\/","name":"Minicamping De Vlegel","description":"","potentialAction":[{"@type":"SearchAction","target":{"@type":"EntryPoint","urlTemplate":"https:\/\/minicampingdevlegel.nl\/de\/?s={search_term_string}"},"query-input":{"@type":"PropertyValueSpecification","valueRequired":true,"valueName":"search_term_string"}}],"inLanguage":"de-DE"}]}},"_links":{"self":[{"href":"https:\/\/minicampingdevlegel.nl\/de\/wp-json\/wp\/v2\/pages\/291","targetHints":{"allow":["GET"]}}],"collection":[{"href":"https:\/\/minicampingdevlegel.nl\/de\/wp-json\/wp\/v2\/pages"}],"about":[{"href":"https:\/\/minicampingdevlegel.nl\/de\/wp-json\/wp\/v2\/types\/page"}],"author":[{"embeddable":true,"href":"https:\/\/minicampingdevlegel.nl\/de\/wp-json\/wp\/v2\/users\/1"}],"replies":[{"embeddable":true,"href":"https:\/\/minicampingdevlegel.nl\/de\/wp-json\/wp\/v2\/comments?post=291"}],"version-history":[{"count":3,"href":"https:\/\/minicampingdevlegel.nl\/de\/wp-json\/wp\/v2\/pages\/291\/revisions"}],"predecessor-version":[{"id":717,"href":"https:\/\/minicampingdevlegel.nl\/de\/wp-json\/wp\/v2\/pages\/291\/revisions\/717"}],"wp:attachment":[{"href":"https:\/\/minicampingdevlegel.nl\/de\/wp-json\/wp\/v2\/media?parent=291"}],"curies":[{"name":"wp","href":"https:\/\/api.w.org\/{rel}","templated":true}]}}