{"id":294,"date":"2020-12-17T11:41:32","date_gmt":"2020-12-17T10:41:32","guid":{"rendered":"https:\/\/minicampingdevlegel.nl\/?page_id=294"},"modified":"2022-11-30T12:22:32","modified_gmt":"2022-11-30T11:22:32","slug":"umfeld","status":"publish","type":"page","link":"https:\/\/minicampingdevlegel.nl\/de\/umfeld\/","title":{"rendered":"Umgebung"},"content":{"rendered":"<p>Minicamping de Vlegel befindet sich auf Walcheren: Dort, wo es von der Geschichte Zeeland nur so braust.<\/p>\n<p>Walcheren ist eine ehemalige Halbinsel, die von Wasser umgeben ist. In den St\u00e4dtchen und D\u00f6rfern geht es gem\u00fctlich zu. Und doch gibt es hier viel zu entdecken und zu erleben!<br \/>\nDie Abst\u00e4nde auf der Halbinsel sind \u00fcberschaubar: Ihr Auto bleibt w\u00e4hrend des Aufenthalts wahrscheinlich gr\u00f6\u00dftenteils auf dem Parkplatz stehen.<\/p>\n<p>Sowohl der Strand als auch das Dorf Koudekerke, in dem sich u. a. der B\u00e4cker und zwei Supermarkten (Jumbo und Aldi) befinden, liegen 2 km vom Minicamping de Vlegel entfernt. M\u00f6chten Sie die weitere Natur oder etwas Kultur genie\u00dfen bzw. gem\u00fctlich durch ein historisches Stadtzentrum spazieren? Middelburg und Vlissingen sind gerade einmal 6 km mit dem Fahrrad entfernt!<\/p>\n","protected":false},"excerpt":{"rendered":"<p>Minicamping de Vlegel befindet sich auf Walcheren: Dort, wo es von der Geschichte Zeeland nur so braust. Walcheren ist eine ehemalige Halbinsel, die von Wasser umgeben ist. In den St\u00e4dtchen und D\u00f6rfern geht es gem\u00fctlich zu. Und doch gibt es hier viel zu entdecken und zu erleben! Die Abst\u00e4nde auf der Halbinsel sind \u00fcberschaubar: Ihr [&hellip;]<\/p>\n","protected":false},"author":1,"featured_media":0,"parent":0,"menu_order":30,"comment_status":"closed","ping_status":"closed","template":"page-about.php","meta":{"_acf_changed":false,"footnotes":""},"class_list":["post-294","page","type-page","status-publish","hentry"],"acf":[],"yoast_head":"<!-- This site is optimized with the Yoast SEO plugin v27.6 - https:\/\/yoast.com\/product\/yoast-seo-wordpress\/ -->\n<title>Umgebung - Minicamping De Vlegel<\/title>\n<meta name=\"robots\" content=\"index, follow, max-snippet:-1, max-image-preview:large, max-video-preview:-1\" \/>\n<link rel=\"canonical\" href=\"https:\/\/minicampingdevlegel.nl\/de\/umfeld\/\" \/>\n<meta property=\"og:locale\" content=\"de_DE\" \/>\n<meta property=\"og:type\" content=\"article\" \/>\n<meta property=\"og:title\" content=\"Umgebung - Minicamping De Vlegel\" \/>\n<meta property=\"og:description\" content=\"Minicamping de Vlegel befindet sich auf Walcheren: Dort, wo es von der Geschichte Zeeland nur so braust. Walcheren ist eine ehemalige Halbinsel, die von Wasser umgeben ist. In den St\u00e4dtchen und D\u00f6rfern geht es gem\u00fctlich zu. Und doch gibt es hier viel zu entdecken und zu erleben! Die Abst\u00e4nde auf der Halbinsel sind \u00fcberschaubar: Ihr [&hellip;]\" \/>\n<meta property=\"og:url\" content=\"https:\/\/minicampingdevlegel.nl\/de\/umfeld\/\" \/>\n<meta property=\"og:site_name\" content=\"Minicamping De Vlegel\" \/>\n<meta property=\"article:modified_time\" content=\"2022-11-30T11:22:32+00:00\" \/>\n<meta name=\"twitter:card\" content=\"summary_large_image\" \/>\n<meta name=\"twitter:label1\" content=\"Est. reading time\" \/>\n\t<meta name=\"twitter:data1\" content=\"1 minute\" \/>\n<script type=\"application\/ld+json\" class=\"yoast-schema-graph\">{\"@context\":\"https:\\\/\\\/schema.org\",\"@graph\":[{\"@type\":\"WebPage\",\"@id\":\"https:\\\/\\\/minicampingdevlegel.nl\\\/de\\\/umfeld\\\/\",\"url\":\"https:\\\/\\\/minicampingdevlegel.nl\\\/de\\\/umfeld\\\/\",\"name\":\"Umgebung - Minicamping De Vlegel\",\"isPartOf\":{\"@id\":\"https:\\\/\\\/minicampingdevlegel.nl\\\/de\\\/#website\"},\"datePublished\":\"2020-12-17T10:41:32+00:00\",\"dateModified\":\"2022-11-30T11:22:32+00:00\",\"breadcrumb\":{\"@id\":\"https:\\\/\\\/minicampingdevlegel.nl\\\/de\\\/umfeld\\\/#breadcrumb\"},\"inLanguage\":\"de-DE\",\"potentialAction\":[{\"@type\":\"ReadAction\",\"target\":[\"https:\\\/\\\/minicampingdevlegel.nl\\\/de\\\/umfeld\\\/\"]}]},{\"@type\":\"BreadcrumbList\",\"@id\":\"https:\\\/\\\/minicampingdevlegel.nl\\\/de\\\/umfeld\\\/#breadcrumb\",\"itemListElement\":[{\"@type\":\"ListItem\",\"position\":1,\"name\":\"Home\",\"item\":\"https:\\\/\\\/minicampingdevlegel.nl\\\/de\\\/\"},{\"@type\":\"ListItem\",\"position\":2,\"name\":\"Umgebung\"}]},{\"@type\":\"WebSite\",\"@id\":\"https:\\\/\\\/minicampingdevlegel.nl\\\/de\\\/#website\",\"url\":\"https:\\\/\\\/minicampingdevlegel.nl\\\/de\\\/\",\"name\":\"Minicamping De Vlegel\",\"description\":\"\",\"potentialAction\":[{\"@type\":\"SearchAction\",\"target\":{\"@type\":\"EntryPoint\",\"urlTemplate\":\"https:\\\/\\\/minicampingdevlegel.nl\\\/de\\\/?s={search_term_string}\"},\"query-input\":{\"@type\":\"PropertyValueSpecification\",\"valueRequired\":true,\"valueName\":\"search_term_string\"}}],\"inLanguage\":\"de-DE\"}]}<\/script>\n<!-- \/ Yoast SEO plugin. -->","yoast_head_json":{"title":"Umgebung - Minicamping De Vlegel","robots":{"index":"index","follow":"follow","max-snippet":"max-snippet:-1","max-image-preview":"max-image-preview:large","max-video-preview":"max-video-preview:-1"},"canonical":"https:\/\/minicampingdevlegel.nl\/de\/umfeld\/","og_locale":"de_DE","og_type":"article","og_title":"Umgebung - Minicamping De Vlegel","og_description":"Minicamping de Vlegel befindet sich auf Walcheren: Dort, wo es von der Geschichte Zeeland nur so braust. Walcheren ist eine ehemalige Halbinsel, die von Wasser umgeben ist. In den St\u00e4dtchen und D\u00f6rfern geht es gem\u00fctlich zu. Und doch gibt es hier viel zu entdecken und zu erleben! Die Abst\u00e4nde auf der Halbinsel sind \u00fcberschaubar: Ihr [&hellip;]","og_url":"https:\/\/minicampingdevlegel.nl\/de\/umfeld\/","og_site_name":"Minicamping De Vlegel","article_modified_time":"2022-11-30T11:22:32+00:00","twitter_card":"summary_large_image","twitter_misc":{"Est. reading time":"1 minute"},"schema":{"@context":"https:\/\/schema.org","@graph":[{"@type":"WebPage","@id":"https:\/\/minicampingdevlegel.nl\/de\/umfeld\/","url":"https:\/\/minicampingdevlegel.nl\/de\/umfeld\/","name":"Umgebung - Minicamping De Vlegel","isPartOf":{"@id":"https:\/\/minicampingdevlegel.nl\/de\/#website"},"datePublished":"2020-12-17T10:41:32+00:00","dateModified":"2022-11-30T11:22:32+00:00","breadcrumb":{"@id":"https:\/\/minicampingdevlegel.nl\/de\/umfeld\/#breadcrumb"},"inLanguage":"de-DE","potentialAction":[{"@type":"ReadAction","target":["https:\/\/minicampingdevlegel.nl\/de\/umfeld\/"]}]},{"@type":"BreadcrumbList","@id":"https:\/\/minicampingdevlegel.nl\/de\/umfeld\/#breadcrumb","itemListElement":[{"@type":"ListItem","position":1,"name":"Home","item":"https:\/\/minicampingdevlegel.nl\/de\/"},{"@type":"ListItem","position":2,"name":"Umgebung"}]},{"@type":"WebSite","@id":"https:\/\/minicampingdevlegel.nl\/de\/#website","url":"https:\/\/minicampingdevlegel.nl\/de\/","name":"Minicamping De Vlegel","description":"","potentialAction":[{"@type":"SearchAction","target":{"@type":"EntryPoint","urlTemplate":"https:\/\/minicampingdevlegel.nl\/de\/?s={search_term_string}"},"query-input":{"@type":"PropertyValueSpecification","valueRequired":true,"valueName":"search_term_string"}}],"inLanguage":"de-DE"}]}},"_links":{"self":[{"href":"https:\/\/minicampingdevlegel.nl\/de\/wp-json\/wp\/v2\/pages\/294","targetHints":{"allow":["GET"]}}],"collection":[{"href":"https:\/\/minicampingdevlegel.nl\/de\/wp-json\/wp\/v2\/pages"}],"about":[{"href":"https:\/\/minicampingdevlegel.nl\/de\/wp-json\/wp\/v2\/types\/page"}],"author":[{"embeddable":true,"href":"https:\/\/minicampingdevlegel.nl\/de\/wp-json\/wp\/v2\/users\/1"}],"replies":[{"embeddable":true,"href":"https:\/\/minicampingdevlegel.nl\/de\/wp-json\/wp\/v2\/comments?post=294"}],"version-history":[{"count":3,"href":"https:\/\/minicampingdevlegel.nl\/de\/wp-json\/wp\/v2\/pages\/294\/revisions"}],"predecessor-version":[{"id":656,"href":"https:\/\/minicampingdevlegel.nl\/de\/wp-json\/wp\/v2\/pages\/294\/revisions\/656"}],"wp:attachment":[{"href":"https:\/\/minicampingdevlegel.nl\/de\/wp-json\/wp\/v2\/media?parent=294"}],"curies":[{"name":"wp","href":"https:\/\/api.w.org\/{rel}","templated":true}]}}